{"id":52,"date":"2016-06-08T18:45:56","date_gmt":"2016-06-08T18:45:56","guid":{"rendered":"http:\/\/estudiovernengo.com\/estudio\/?page_id=52"},"modified":"2023-06-15T21:46:33","modified_gmt":"2023-06-16T00:46:33","slug":"home-2","status":"publish","type":"page","link":"http:\/\/estudiovernengo.com\/estudio\/","title":{"rendered":"Home"},"content":{"rendered":"\t\t<div data-elementor-type=\"wp-page\" data-elementor-id=\"52\" class=\"elementor elementor-52\">\n\t\t\t\t\t\t<section class=\"elementor-section elementor-top-section elementor-element elementor-element-3a0f0e1a elementor-section-boxed elementor-section-height-default elementor-section-height-default\" data-id=\"3a0f0e1a\" data-element_type=\"section\" data-e-type=\"section\">\n\t\t\t\t\t\t<div class=\"elementor-container elementor-column-gap-default\">\n\t\t\t\t\t<div class=\"elementor-column elementor-col-100 elementor-top-column elementor-element elementor-element-3c99513f\" data-id=\"3c99513f\" data-element_type=\"column\" data-e-type=\"column\">\n\t\t\t<div class=\"elementor-widget-wrap elementor-element-populated\">\n\t\t\t\t\t\t<div class=\"elementor-element elementor-element-4e825990 elementor-widget elementor-widget-text-editor\" data-id=\"4e825990\" data-element_type=\"widget\" data-e-type=\"widget\" data-widget_type=\"text-editor.default\">\n\t\t\t\t<div class=\"elementor-widget-container\">\n\t\t\t\t\t\t\t\t\t<h2 style=\"text-align: center;\"><strong><span style=\"color: #000080;\">QUIENES SOMOS<\/span><\/strong><\/h2>\r\n<p style=\"font-family: 'Trebuchet MS', Arial, Helvetica, sans-serif; font-size: 14px; color: #666666; text-align: justify;\"><a href=\"http:\/\/estudiovernengo.com\/estudio\/wp-content\/uploads\/2016\/06\/frenteprincipal.jpg\"><img fetchpriority=\"high\" decoding=\"async\" class=\"alignleft wp-image-130\" src=\"http:\/\/estudiovernengo.com\/estudio\/wp-content\/uploads\/2016\/06\/frenteprincipal-300x199.jpg\" width=\"400\" height=\"266\" srcset=\"http:\/\/estudiovernengo.com\/estudio\/wp-content\/uploads\/2016\/06\/frenteprincipal-300x199.jpg 300w, http:\/\/estudiovernengo.com\/estudio\/wp-content\/uploads\/2016\/06\/frenteprincipal-768x510.jpg 768w, http:\/\/estudiovernengo.com\/estudio\/wp-content\/uploads\/2016\/06\/frenteprincipal.jpg 1000w\" sizes=\"(max-width: 400px) 100vw, 400px\" \/><\/a>Somos un Estudio ubicado en la ciudad de Esquel, Provincia del Chubut. Brindamos servicios contables, impositivos, societarios, laborales y de asesoramiento integral a Peque\u00f1as, Medianas y Grandes Empresas, como as\u00ed tambi\u00e9n, a Monotributistas y Empresas Unipersonales que requieren del asesoramiento permanente que nuestra organizaci\u00f3n ofrece, para el logro eficaz y eficiente de los objetivos de cada uno de nuestros clientes.<\/p>\r\n<p style=\"font-family: 'Trebuchet MS', Arial, Helvetica, sans-serif; font-size: 14px; color: #666666; text-align: justify;\">A lo largo de los a\u00f1os se ha asesorado y prestado servicios a numerosas y prestigiosas empresas de la localidad y de la regi\u00f3n obteniendo \u00f3ptimos resultados.<\/p>\r\n<p style=\"font-family: 'Trebuchet MS', Arial, Helvetica, sans-serif; font-size: 14px; color: #666666; text-align: justify;\">A partir de la experiencia adquirida nos sentimos con absoluta seguridad en la actividad brindando a nuestros clientes el mejor servicio. Contamos con personal especializado con experiencia que trabaja en forma integral.<\/p>\r\n<p style=\"font-family: 'Trebuchet MS', Arial, Helvetica, sans-serif; font-size: 14px; color: #666666; text-align: justify;\">Es por ello que nos ubicamos entre uno de los estudios m\u00e1s importantes de la zona.\u00a0Trabajamos teniendo como principales pilares para su desempe\u00f1o, dos valores fundamentales: seguridad y confianza.<a href=\"http:\/\/estudiovernengo.com\/estudio\/quienes-somo\/\">M\u00e1s informaci\u00f3n\r\n<\/a><\/p>\n\n<h1 style=\"text-align: center;\"><\/h1>\r\n<h1 style=\"text-align: center;\"><strong><span style=\"color: #ffffff;\">SERVICIO Y EXPERIENCIA<\/span><\/strong><\/h1>\n\n<h2 style=\"text-align: center;\"><span style=\"color: #003366;\"><strong><span style=\"color: #003366;\">NUESTROS<\/span> SERVICIOS<\/strong><\/span><\/h2>\r\n<strong>El estudio<\/strong> se encuentra organizado en equipos de trabajo divididos en cuatro \u00e1reas: Impositiva, Societaria, Laboral y Contable, que trabajan interrelacionadas.\r\n\r\n<div  class=\"lgc-column lgc-grid-parent lgc-grid-50 lgc-tablet-grid-50 lgc-mobile-grid-100 lgc-equal-heights \"><div  class=\"inside-grid-column\"> \u00a0\u00a0<a href=\"http:\/\/estudiovernengo.com\/estudio\/wp-content\/uploads\/2016\/06\/iconmonstr-note-23-240.png\"><img decoding=\"async\" class=\"alignnone wp-image-57\" src=\"http:\/\/estudiovernengo.com\/estudio\/wp-content\/uploads\/2016\/06\/iconmonstr-note-23-240.png\" alt=\"iconmonstr-note-23-240\" width=\"30\" height=\"30\" \/><\/a>\u00a0<strong>IMPOSITIVA<\/strong>\r\n<p style=\"font-family: 'Trebuchet MS', Arial, Helvetica, sans-serif; font-size: 14px; color: #666666; text-align: justify;\"><a href=\"http:\/\/estudiovernengo.com\/estudio\/wp-content\/uploads\/2016\/06\/flecha_baja.png\"><img decoding=\"async\" class=\"alignnone size-full wp-image-60\" src=\"http:\/\/estudiovernengo.com\/estudio\/wp-content\/uploads\/2016\/06\/flecha_baja.png\" alt=\"flecha_baja\" width=\"16\" height=\"14\" \/><\/a>Asesoramiento Impositivo Integral, tanto al comienzo de la actividad comercial como as\u00ed tambi\u00e9n a aquellos clientes que ya poseen trayectoria, con el objetivo de encontrar el encuadre m\u00e1s indicado en cada situaci\u00f3n.<\/p>\r\n<p style=\"font-family: 'Trebuchet MS', Arial, Helvetica, sans-serif; font-size: 14px; color: #666666; text-align: justify;\"><a href=\"http:\/\/estudiovernengo.com\/estudio\/wp-content\/uploads\/2016\/06\/flecha_baja.png\"><img decoding=\"async\" class=\"alignnone size-full wp-image-60\" src=\"http:\/\/estudiovernengo.com\/estudio\/wp-content\/uploads\/2016\/06\/flecha_baja.png\" alt=\"flecha_baja\" width=\"16\" height=\"14\" \/><\/a>Confecci\u00f3n y presentaci\u00f3n de Declaraciones Juradas anuales: Impuesto a las Ganancias, Bienes Personales, a la Ganancia M\u00ednima Presunta, Bienes Personales Acciones y Participaciones Solitarias&#8230;<a href=\"http:\/\/estudiovernengo.com\/estudio\/servicios\/\">M\u00e1s informaci\u00f3n<\/a><\/p>\r\n<\/div><\/div>\r\n<div  class=\"lgc-column lgc-grid-parent lgc-grid-50 lgc-tablet-grid-50 lgc-mobile-grid-100 lgc-equal-heights \"><div  class=\"inside-grid-column\"> \u00a0\u00a0<a href=\"http:\/\/estudiovernengo.com\/estudio\/wp-content\/uploads\/2016\/06\/iconmonstr-calendar-7-240.png\"><img loading=\"lazy\" decoding=\"async\" class=\"alignnone wp-image-54\" src=\"http:\/\/estudiovernengo.com\/estudio\/wp-content\/uploads\/2016\/06\/iconmonstr-calendar-7-240.png\" width=\"30\" height=\"30\" \/><\/a>\u00a0\u00a0<strong>LABORAL<\/strong>\r\n<p style=\"font-family: 'Trebuchet MS', Arial, Helvetica, sans-serif; font-size: 14px; color: #666666; text-align: justify;\"><a href=\"http:\/\/estudiovernengo.com\/estudio\/wp-content\/uploads\/2016\/06\/flecha_baja.png\"><img decoding=\"async\" class=\"alignnone size-full wp-image-60\" src=\"http:\/\/estudiovernengo.com\/estudio\/wp-content\/uploads\/2016\/06\/flecha_baja.png\" alt=\"flecha_baja\" width=\"16\" height=\"14\" \/><\/a>Asesoramiento Laboral (Leyes Laborales, convenios, contratos, despidos, conflictos, sanciones).<\/p>\r\n<p style=\"font-family: 'Trebuchet MS', Arial, Helvetica, sans-serif; font-size: 14px; color: #666666; text-align: justify;\"><a href=\"http:\/\/estudiovernengo.com\/estudio\/wp-content\/uploads\/2016\/06\/flecha_baja.png\"><img decoding=\"async\" class=\"alignnone size-full wp-image-60\" src=\"http:\/\/estudiovernengo.com\/estudio\/wp-content\/uploads\/2016\/06\/flecha_baja.png\" alt=\"flecha_baja\" width=\"16\" height=\"14\" \/><\/a>Desvinculaciones laborales ante la Secretaria de Trabajo de la Provincia del Chubut. Atenci\u00f3n de Inspecciones y respuesta de requerimientos ante AFIP, Secretar\u00eda de Trabajo, Sindicatos etc&#8230;<a href=\"http:\/\/estudiovernengo.com\/estudio\/servicios\/\">M\u00e1s informaci\u00f3n<\/a><\/p>\r\n<\/div><\/div>\r\n\r\n<div  class=\"lgc-column lgc-grid-parent lgc-grid-50 lgc-tablet-grid-50 lgc-mobile-grid-100 lgc-equal-heights \"><div  class=\"inside-grid-column\"> \u00a0\u00a0<a href=\"http:\/\/estudiovernengo.com\/estudio\/wp-content\/uploads\/2016\/06\/iconmonstr-chart-6-240.png\"><img loading=\"lazy\" decoding=\"async\" class=\"alignnone wp-image-55\" src=\"http:\/\/estudiovernengo.com\/estudio\/wp-content\/uploads\/2016\/06\/iconmonstr-chart-6-240.png\" width=\"30\" height=\"30\" \/><\/a>\u00a0<strong>CONTABILIDAD Y AUDITORIA<\/strong>\r\n<p style=\"font-family: 'Trebuchet MS', Arial, Helvetica, sans-serif; font-size: 14px; color: #666666; text-align: justify;\"><a href=\"http:\/\/estudiovernengo.com\/estudio\/wp-content\/uploads\/2016\/06\/flecha_baja.png\"><img decoding=\"async\" class=\"alignnone size-full wp-image-60\" src=\"http:\/\/estudiovernengo.com\/estudio\/wp-content\/uploads\/2016\/06\/flecha_baja.png\" alt=\"flecha_baja\" width=\"16\" height=\"14\" \/><\/a>Asesoramiento Integral. <a href=\"http:\/\/estudiovernengo.com\/estudio\/wp-content\/uploads\/2016\/06\/flecha_baja.png\"><img decoding=\"async\" class=\"alignnone size-full wp-image-60\" src=\"http:\/\/estudiovernengo.com\/estudio\/wp-content\/uploads\/2016\/06\/flecha_baja.png\" alt=\"flecha_baja\" width=\"16\" height=\"14\" \/><\/a>Registraciones contables. <a href=\"http:\/\/estudiovernengo.com\/estudio\/wp-content\/uploads\/2016\/06\/flecha_baja.png\"><img decoding=\"async\" class=\"alignnone size-full wp-image-60\" src=\"http:\/\/estudiovernengo.com\/estudio\/wp-content\/uploads\/2016\/06\/flecha_baja.png\" alt=\"flecha_baja\" width=\"16\" height=\"14\" \/><\/a>Confecci\u00f3n y Presentaci\u00f3n de Estados Contables tanto peri\u00f3dicos como anuales. <a href=\"http:\/\/estudiovernengo.com\/estudio\/wp-content\/uploads\/2016\/06\/flecha_baja.png\"><img decoding=\"async\" class=\"alignnone size-full wp-image-60\" src=\"http:\/\/estudiovernengo.com\/estudio\/wp-content\/uploads\/2016\/06\/flecha_baja.png\" alt=\"flecha_baja\" width=\"16\" height=\"14\" \/><\/a>Emisi\u00f3n de Libros Diario e Inventario y Balances<\/p>\r\n<p style=\"font-family: 'Trebuchet MS', Arial, Helvetica, sans-serif; font-size: 14px; color: #666666; text-align: justify;\"><a href=\"http:\/\/estudiovernengo.com\/estudio\/wp-content\/uploads\/2016\/06\/flecha_baja.png\"><img decoding=\"async\" class=\"alignnone size-full wp-image-60\" src=\"http:\/\/estudiovernengo.com\/estudio\/wp-content\/uploads\/2016\/06\/flecha_baja.png\" alt=\"flecha_baja\" width=\"16\" height=\"14\" \/><\/a>Certificaciones contables e informes especiales y de cumplimiento requeridos por organismos de control y otras entidades (Inspecci\u00f3n General de Justicia, Bancos, Registro del Automotor, etc.)&#8230;<a href=\"http:\/\/estudiovernengo.com\/estudio\/servicios\/\">M\u00e1s informaci\u00f3n<\/a><\/p>\r\n<\/div><\/div>\r\n<div  class=\"lgc-column lgc-grid-parent lgc-grid-50 lgc-tablet-grid-50 lgc-mobile-grid-100 lgc-equal-heights \"><div  class=\"inside-grid-column\"> \u00a0\u00a0<a href=\"http:\/\/estudiovernengo.com\/estudio\/wp-content\/uploads\/2016\/06\/iconmonstr-file-20-240.png\"><img loading=\"lazy\" decoding=\"async\" class=\"alignnone wp-image-56\" src=\"http:\/\/estudiovernengo.com\/estudio\/wp-content\/uploads\/2016\/06\/iconmonstr-file-20-240.png\" width=\"30\" height=\"30\" \/><\/a>\u00a0\u00a0<strong>SOCIETARIO<\/strong>\r\n<p style=\"font-family: 'Trebuchet MS', Arial, Helvetica, sans-serif; font-size: 14px; color: #666666; text-align: justify;\"><a href=\"http:\/\/estudiovernengo.com\/estudio\/wp-content\/uploads\/2016\/06\/flecha_baja.png\"><img decoding=\"async\" class=\"alignnone size-full wp-image-60\" src=\"http:\/\/estudiovernengo.com\/estudio\/wp-content\/uploads\/2016\/06\/flecha_baja.png\" alt=\"flecha_baja\" width=\"16\" height=\"14\" \/><\/a>Asesoramiento de todo tipo de Sociedades. <a href=\"http:\/\/estudiovernengo.com\/estudio\/wp-content\/uploads\/2016\/06\/flecha_baja.png\"><img decoding=\"async\" class=\"alignnone size-full wp-image-60\" src=\"http:\/\/estudiovernengo.com\/estudio\/wp-content\/uploads\/2016\/06\/flecha_baja.png\" alt=\"flecha_baja\" width=\"16\" height=\"14\" \/><\/a>Constituci\u00f3n de Sociedades. \u00a0<a href=\"http:\/\/estudiovernengo.com\/estudio\/wp-content\/uploads\/2016\/06\/flecha_baja.png\"><img decoding=\"async\" class=\"alignnone size-full wp-image-60\" src=\"http:\/\/estudiovernengo.com\/estudio\/wp-content\/uploads\/2016\/06\/flecha_baja.png\" alt=\"flecha_baja\" width=\"16\" height=\"14\" \/><\/a>Realizaci\u00f3n de presentaciones en Inspecci\u00f3n General de Justicia.<\/p>\r\n<p style=\"font-family: 'Trebuchet MS', Arial, Helvetica, sans-serif; font-size: 14px; color: #666666; text-align: justify;\">\u00a0<a href=\"http:\/\/estudiovernengo.com\/estudio\/wp-content\/uploads\/2016\/06\/flecha_baja.png\"><img decoding=\"async\" class=\"alignnone size-full wp-image-60\" src=\"http:\/\/estudiovernengo.com\/estudio\/wp-content\/uploads\/2016\/06\/flecha_baja.png\" alt=\"flecha_baja\" width=\"16\" height=\"14\" \/><\/a>Asesoramiento en la confecci\u00f3n y transcripci\u00f3n de Actas. \u00a0<a href=\"http:\/\/estudiovernengo.com\/estudio\/wp-content\/uploads\/2016\/06\/flecha_baja.png\"><img decoding=\"async\" class=\"alignnone size-full wp-image-60\" src=\"http:\/\/estudiovernengo.com\/estudio\/wp-content\/uploads\/2016\/06\/flecha_baja.png\" alt=\"flecha_baja\" width=\"16\" height=\"14\" \/><\/a>Modificaciones Solitarias&#8230;<a href=\"http:\/\/estudiovernengo.com\/estudio\/servicios\/\">M\u00e1s informaci\u00f3n<\/a><\/p>\r\n<\/div><\/div>\n\n<h2 style=\"text-align: center;\"><strong><span style=\"color: #003366;\">DONDE ESTAMOS<\/span><\/strong><\/h2>\r\n<h2 style=\"text-align: center;\"><iframe style=\"border: 0;\" src=\"https:\/\/www.google.com\/maps\/embed?pb=!1m18!1m12!1m3!1d2921.898254773193!2d-71.32232168381832!3d-42.917186750580406!2m3!1f0!2f0!3f0!3m2!1i1024!2i768!4f13.1!3m3!1m2!1s0x961dac24d5dec387%3A0xa875c07007cd15f3!2sAv.+Ameghino+830%2C+Esquel%2C+Chubut!5e0!3m2!1ses-419!2sar!4v1465440352500\" width=\"1600\" height=\"500\" frameborder=\"0\" allowfullscreen=\"allowfullscreen\"><\/iframe><\/h2>\n\n\t\t\t\t\t\t\t\t<\/div>\n\t\t\t\t<\/div>\n\t\t\t\t\t<\/div>\n\t\t<\/div>\n\t\t\t\t\t<\/div>\n\t\t<\/section>\n\t\t\t\t<section class=\"elementor-section elementor-top-section elementor-element elementor-element-081031f elementor-section-boxed elementor-section-height-default elementor-section-height-default\" data-id=\"081031f\" data-element_type=\"section\" data-e-type=\"section\">\n\t\t\t\t\t\t<div class=\"elementor-container elementor-column-gap-default\">\n\t\t\t\t\t<div class=\"elementor-column elementor-col-100 elementor-top-column elementor-element elementor-element-57dc2cb\" data-id=\"57dc2cb\" data-element_type=\"column\" data-e-type=\"column\">\n\t\t\t<div class=\"elementor-widget-wrap elementor-element-populated\">\n\t\t\t\t\t\t<div class=\"elementor-element elementor-element-8a8a12e elementor-widget elementor-widget-heading\" data-id=\"8a8a12e\" data-element_type=\"widget\" data-e-type=\"widget\" data-widget_type=\"heading.default\">\n\t\t\t\t<div class=\"elementor-widget-container\">\n\t\t\t\t\t<h2 class=\"elementor-heading-title elementor-size-default\">Noticias<\/h2>\t\t\t\t<\/div>\n\t\t\t\t<\/div>\n\t\t\t\t\t<\/div>\n\t\t<\/div>\n\t\t\t\t\t<\/div>\n\t\t<\/section>\n\t\t\t\t<section class=\"elementor-section elementor-top-section elementor-element elementor-element-7c8f1a8 elementor-section-content-top elementor-section-stretched elementor-section-boxed elementor-section-height-default elementor-section-height-default\" data-id=\"7c8f1a8\" data-element_type=\"section\" data-e-type=\"section\" data-settings=\"{&quot;stretch_section&quot;:&quot;section-stretched&quot;}\">\n\t\t\t\t\t\t<div class=\"elementor-container elementor-column-gap-no\">\n\t\t\t\t\t<div class=\"elementor-column elementor-col-100 elementor-top-column elementor-element elementor-element-196173a\" data-id=\"196173a\" data-element_type=\"column\" data-e-type=\"column\">\n\t\t\t<div class=\"elementor-widget-wrap elementor-element-populated\">\n\t\t\t\t\t\t<div class=\"elementor-element elementor-element-5d071a7 elementor-grid-3 elementor-grid-tablet-2 elementor-grid-mobile-1 elementor-posts--thumbnail-top elementor-posts--show-avatar elementor-card-shadow-yes elementor-posts__hover-gradient elementor-widget elementor-widget-posts\" data-id=\"5d071a7\" data-element_type=\"widget\" data-e-type=\"widget\" data-settings=\"{&quot;pagination_type&quot;:&quot;prev_next&quot;,&quot;cards_columns&quot;:&quot;3&quot;,&quot;cards_columns_tablet&quot;:&quot;2&quot;,&quot;cards_columns_mobile&quot;:&quot;1&quot;,&quot;cards_row_gap&quot;:{&quot;unit&quot;:&quot;px&quot;,&quot;size&quot;:35,&quot;sizes&quot;:[]},&quot;cards_row_gap_tablet&quot;:{&quot;unit&quot;:&quot;px&quot;,&quot;size&quot;:&quot;&quot;,&quot;sizes&quot;:[]},&quot;cards_row_gap_mobile&quot;:{&quot;unit&quot;:&quot;px&quot;,&quot;size&quot;:&quot;&quot;,&quot;sizes&quot;:[]}}\" data-widget_type=\"posts.cards\">\n\t\t\t\t<div class=\"elementor-widget-container\">\n\t\t\t\t\t\t\t<div class=\"elementor-posts-container elementor-posts elementor-posts--skin-cards elementor-grid\">\n\t\t\t\t<article class=\"elementor-post elementor-grid-item post-777 post type-post status-publish format-standard has-post-thumbnail hentry category-noticias tag-afip tag-monotributo tag-obra-social\">\n\t\t\t<div class=\"elementor-post__card\">\n\t\t\t\t<a class=\"elementor-post__thumbnail__link\" href=\"http:\/\/estudiovernengo.com\/estudio\/monotributo-de-afip-que-obras-sociales-se-pueden-elegir\/\" ><div class=\"elementor-post__thumbnail\"><img loading=\"lazy\" decoding=\"async\" width=\"300\" height=\"172\" src=\"http:\/\/estudiovernengo.com\/estudio\/wp-content\/uploads\/2024\/04\/afip-monotributistas-jpg.-copia-300x172.jpg\" class=\"attachment-medium size-medium wp-image-778\" alt=\"\" srcset=\"http:\/\/estudiovernengo.com\/estudio\/wp-content\/uploads\/2024\/04\/afip-monotributistas-jpg.-copia-300x172.jpg 300w, http:\/\/estudiovernengo.com\/estudio\/wp-content\/uploads\/2024\/04\/afip-monotributistas-jpg.-copia-1024x585.jpg 1024w, http:\/\/estudiovernengo.com\/estudio\/wp-content\/uploads\/2024\/04\/afip-monotributistas-jpg.-copia-768x439.jpg 768w, http:\/\/estudiovernengo.com\/estudio\/wp-content\/uploads\/2024\/04\/afip-monotributistas-jpg.-copia.jpg 1200w\" sizes=\"(max-width: 300px) 100vw, 300px\" \/><\/div><\/a>\n\t\t\t\t<div class=\"elementor-post__badge\">Noticias<\/div>\n\t\t\t\t<div class=\"elementor-post__avatar\">\n\t\t\t<img data-del=\"avatar\" alt=\"Estudio Vernengo\" src='http:\/\/estudiovernengo.com\/estudio\/wp-content\/uploads\/2016\/06\/vernengo_logo_final-01-1-150x150.jpg' class='avatar pp-user-avatar avatar-128 photo ' height='128' width='128'\/>\t\t<\/div>\n\t\t\t\t<div class=\"elementor-post__text\">\n\t\t\t\t<h3 class=\"elementor-post__title\">\n\t\t\t<a href=\"http:\/\/estudiovernengo.com\/estudio\/monotributo-de-afip-que-obras-sociales-se-pueden-elegir\/\" >\n\t\t\t\tMonotributo de AFIP: qu\u00e9 obras sociales se pueden elegir\t\t\t<\/a>\n\t\t<\/h3>\n\t\t\n\t\t<a class=\"elementor-post__read-more\" href=\"http:\/\/estudiovernengo.com\/estudio\/monotributo-de-afip-que-obras-sociales-se-pueden-elegir\/\" aria-label=\"Read more about Monotributo de AFIP: qu\u00e9 obras sociales se pueden elegir\" >\n\t\t\tSeguir leyendo \u00bb\t\t<\/a>\n\n\t\t\t\t<\/div>\n\t\t\t\t<div class=\"elementor-post__meta-data\">\n\t\t\t\t\t<span class=\"elementor-post-date\">\n\t\t\t11 abril, 2024\t\t<\/span>\n\t\t\t\t<\/div>\n\t\t\t\t\t<\/div>\n\t\t<\/article>\n\t\t\t\t<article class=\"elementor-post elementor-grid-item post-773 post type-post status-publish format-standard has-post-thumbnail hentry category-noticias\">\n\t\t\t<div class=\"elementor-post__card\">\n\t\t\t\t<a class=\"elementor-post__thumbnail__link\" href=\"http:\/\/estudiovernengo.com\/estudio\/dato-por-dato-que-sabe-y-cual-es-la-nueva-informacion-que-recibira-la-afip-de-las-cuentas-de-argentinos-en-eeuu\/\" ><div class=\"elementor-post__thumbnail\"><img loading=\"lazy\" decoding=\"async\" width=\"300\" height=\"144\" src=\"http:\/\/estudiovernengo.com\/estudio\/wp-content\/uploads\/2024\/04\/acuerdo-300x144.jpeg\" class=\"attachment-medium size-medium wp-image-774\" alt=\"\" srcset=\"http:\/\/estudiovernengo.com\/estudio\/wp-content\/uploads\/2024\/04\/acuerdo-300x144.jpeg 300w, http:\/\/estudiovernengo.com\/estudio\/wp-content\/uploads\/2024\/04\/acuerdo-1024x491.jpeg 1024w, http:\/\/estudiovernengo.com\/estudio\/wp-content\/uploads\/2024\/04\/acuerdo-768x368.jpeg 768w, http:\/\/estudiovernengo.com\/estudio\/wp-content\/uploads\/2024\/04\/acuerdo.jpeg 1434w\" sizes=\"(max-width: 300px) 100vw, 300px\" \/><\/div><\/a>\n\t\t\t\t<div class=\"elementor-post__badge\">Noticias<\/div>\n\t\t\t\t<div class=\"elementor-post__avatar\">\n\t\t\t<img data-del=\"avatar\" alt=\"Estudio Vernengo\" src='http:\/\/estudiovernengo.com\/estudio\/wp-content\/uploads\/2016\/06\/vernengo_logo_final-01-1-150x150.jpg' class='avatar pp-user-avatar avatar-128 photo ' height='128' width='128'\/>\t\t<\/div>\n\t\t\t\t<div class=\"elementor-post__text\">\n\t\t\t\t<h3 class=\"elementor-post__title\">\n\t\t\t<a href=\"http:\/\/estudiovernengo.com\/estudio\/dato-por-dato-que-sabe-y-cual-es-la-nueva-informacion-que-recibira-la-afip-de-las-cuentas-de-argentinos-en-eeuu\/\" >\n\t\t\t\tDato por dato: qu\u00e9 sabe y cu\u00e1l es la nueva informaci\u00f3n que recibir\u00e1 la AFIP de las cuentas de argentinos en EEUU\t\t\t<\/a>\n\t\t<\/h3>\n\t\t\n\t\t<a class=\"elementor-post__read-more\" href=\"http:\/\/estudiovernengo.com\/estudio\/dato-por-dato-que-sabe-y-cual-es-la-nueva-informacion-que-recibira-la-afip-de-las-cuentas-de-argentinos-en-eeuu\/\" aria-label=\"Read more about Dato por dato: qu\u00e9 sabe y cu\u00e1l es la nueva informaci\u00f3n que recibir\u00e1 la AFIP de las cuentas de argentinos en EEUU\" >\n\t\t\tSeguir leyendo \u00bb\t\t<\/a>\n\n\t\t\t\t<\/div>\n\t\t\t\t<div class=\"elementor-post__meta-data\">\n\t\t\t\t\t<span class=\"elementor-post-date\">\n\t\t\t2 abril, 2024\t\t<\/span>\n\t\t\t\t<\/div>\n\t\t\t\t\t<\/div>\n\t\t<\/article>\n\t\t\t\t<article class=\"elementor-post elementor-grid-item post-763 post type-post status-publish format-standard has-post-thumbnail hentry category-noticias\">\n\t\t\t<div class=\"elementor-post__card\">\n\t\t\t\t<a class=\"elementor-post__thumbnail__link\" href=\"http:\/\/estudiovernengo.com\/estudio\/feria-administrativa-de-la-afip-para-el-verano-2024-que-seguira-vigente-en-el-receso\/\" ><div class=\"elementor-post__thumbnail\"><img loading=\"lazy\" decoding=\"async\" width=\"300\" height=\"169\" src=\"http:\/\/estudiovernengo.com\/estudio\/wp-content\/uploads\/2023\/12\/553250-300x169.webp\" class=\"attachment-medium size-medium wp-image-765\" alt=\"\" srcset=\"http:\/\/estudiovernengo.com\/estudio\/wp-content\/uploads\/2023\/12\/553250-300x169.webp 300w, http:\/\/estudiovernengo.com\/estudio\/wp-content\/uploads\/2023\/12\/553250-768x432.webp 768w, http:\/\/estudiovernengo.com\/estudio\/wp-content\/uploads\/2023\/12\/553250.webp 880w\" sizes=\"(max-width: 300px) 100vw, 300px\" \/><\/div><\/a>\n\t\t\t\t<div class=\"elementor-post__badge\">Noticias<\/div>\n\t\t\t\t<div class=\"elementor-post__avatar\">\n\t\t\t<img data-del=\"avatar\" alt=\"Estudio Vernengo\" src='http:\/\/estudiovernengo.com\/estudio\/wp-content\/uploads\/2016\/06\/vernengo_logo_final-01-1-150x150.jpg' class='avatar pp-user-avatar avatar-128 photo ' height='128' width='128'\/>\t\t<\/div>\n\t\t\t\t<div class=\"elementor-post__text\">\n\t\t\t\t<h3 class=\"elementor-post__title\">\n\t\t\t<a href=\"http:\/\/estudiovernengo.com\/estudio\/feria-administrativa-de-la-afip-para-el-verano-2024-que-seguira-vigente-en-el-receso\/\" >\n\t\t\t\tFeria administrativa de la AFIP para el verano 2024: qu\u00e9 seguir\u00e1 vigente en el receso\t\t\t<\/a>\n\t\t<\/h3>\n\t\t\n\t\t<a class=\"elementor-post__read-more\" href=\"http:\/\/estudiovernengo.com\/estudio\/feria-administrativa-de-la-afip-para-el-verano-2024-que-seguira-vigente-en-el-receso\/\" aria-label=\"Read more about Feria administrativa de la AFIP para el verano 2024: qu\u00e9 seguir\u00e1 vigente en el receso\" >\n\t\t\tSeguir leyendo \u00bb\t\t<\/a>\n\n\t\t\t\t<\/div>\n\t\t\t\t<div class=\"elementor-post__meta-data\">\n\t\t\t\t\t<span class=\"elementor-post-date\">\n\t\t\t27 diciembre, 2023\t\t<\/span>\n\t\t\t\t<\/div>\n\t\t\t\t\t<\/div>\n\t\t<\/article>\n\t\t\t\t<\/div>\n\t\t\n\t\t\t\t<div class=\"e-load-more-anchor\" data-page=\"1\" data-max-page=\"33\" data-next-page=\"http:\/\/estudiovernengo.com\/estudio\/wp-json\/wp\/v2\/pages\/52\/page\/2\/\"><\/div>\n\t\t\t\t<nav class=\"elementor-pagination\" aria-label=\"Pagination\">\n\t\t\t<span class=\"page-numbers prev\">&laquo; Anterior<\/span>\n<a class=\"page-numbers next\" href=\"http:\/\/estudiovernengo.com\/estudio\/wp-json\/wp\/v2\/pages\/52\/page\/2\/\">Siguiente &raquo;<\/a>\t\t<\/nav>\n\t\t\t\t\t\t<\/div>\n\t\t\t\t<\/div>\n\t\t\t\t\t<\/div>\n\t\t<\/div>\n\t\t\t\t\t<\/div>\n\t\t<\/section>\n\t\t\t\t<\/div>\n\t\t","protected":false},"excerpt":{"rendered":"<p>QUIENES SOMOS Somos un Estudio ubicado en la ciudad de Esquel, Provincia del Chubut. Brindamos servicios contables, impositivos, societarios, laborales<\/p>\n","protected":false},"author":2,"featured_media":0,"parent":0,"menu_order":0,"comment_status":"closed","ping_status":"closed","template":"","meta":{"generate_page_header":"","footnotes":""},"class_list":["post-52","page","type-page","status-publish","hentry"],"_links":{"self":[{"href":"http:\/\/estudiovernengo.com\/estudio\/wp-json\/wp\/v2\/pages\/52","targetHints":{"allow":["GET"]}}],"collection":[{"href":"http:\/\/estudiovernengo.com\/estudio\/wp-json\/wp\/v2\/pages"}],"about":[{"href":"http:\/\/estudiovernengo.com\/estudio\/wp-json\/wp\/v2\/types\/page"}],"author":[{"embeddable":true,"href":"http:\/\/estudiovernengo.com\/estudio\/wp-json\/wp\/v2\/users\/2"}],"replies":[{"embeddable":true,"href":"http:\/\/estudiovernengo.com\/estudio\/wp-json\/wp\/v2\/comments?post=52"}],"version-history":[{"count":20,"href":"http:\/\/estudiovernengo.com\/estudio\/wp-json\/wp\/v2\/pages\/52\/revisions"}],"predecessor-version":[{"id":734,"href":"http:\/\/estudiovernengo.com\/estudio\/wp-json\/wp\/v2\/pages\/52\/revisions\/734"}],"wp:attachment":[{"href":"http:\/\/estudiovernengo.com\/estudio\/wp-json\/wp\/v2\/media?parent=52"}],"curies":[{"name":"wp","href":"https:\/\/api.w.org\/{rel}","templated":true}]}}