{"id":32,"date":"2016-06-08T17:48:00","date_gmt":"2016-06-08T17:48:00","guid":{"rendered":"http:\/\/estudiovernengo.com\/estudio\/?page_id=32"},"modified":"2016-11-11T15:07:27","modified_gmt":"2016-11-11T15:07:27","slug":"servicios","status":"publish","type":"page","link":"http:\/\/estudiovernengo.com\/estudio\/servicios\/","title":{"rendered":"Nuestros Servicios"},"content":{"rendered":"<hr>\n<p>El estudio se encuentra organizado en equipos de trabajo divididos en cuatro \u00e1reas: Impositiva, Societaria, Laboral y Contable, que trabajan interrelacionadas.<\/p>\n<p><strong>Las principales tareas en cada una de ellas son:<\/strong><\/p>\n<h2><strong><span style=\"color: #003366;\">IMPOSITIVA<\/span><\/strong><\/h2>\n<div class=\"su-list\" style=\"margin-left:0px\">\n<ul>\n<li><i class=\"sui sui-check\" style=\"color:#0b5e38\"><\/i> Asesoramiento Impositivo Integral, tanto al comienzo de la actividad comercial como as\u00ed tambi\u00e9n a aquellos clientes que ya poseen trayectoria, con el objetivo de encontrar el encuadre m\u00e1s indicado en cada situaci\u00f3n<\/li>\n<li><i class=\"sui sui-check\" style=\"color:#0b5e38\"><\/i> Confecci\u00f3n y presentaci\u00f3n de Declaraciones Juradas anuales: Impuesto a las Ganancias, Bienes Personales, a la Ganancia M\u00ednima Presunta, Bienes Personales Acciones y Participaciones Societarias.<\/li>\n<li><i class=\"sui sui-check\" style=\"color:#0b5e38\"><\/i> Inscripciones, modificaciones y bajas en impuestos nacionales y provinciales.<\/li>\n<li><i class=\"sui sui-check\" style=\"color:#0b5e38\"><\/i> Confecci\u00f3n y emisi\u00f3n de Libros de IVA Ventas y Compras<\/li>\n<li><i class=\"sui sui-check\" style=\"color:#0b5e38\"><\/i> Liquidaciones mensuales del Impuesto al Valor Agregado.<\/li>\n<li><i class=\"sui sui-check\" style=\"color:#0b5e38\"><\/i> Liquidaciones de Ingresos Brutos, Convenio Interjurisdiccional y Convenio Multilateral.<\/li>\n<li><i class=\"sui sui-check\" style=\"color:#0b5e38\"><\/i> Pagos de Impuestos en Bancos<\/li>\n<li><i class=\"sui sui-check\" style=\"color:#0b5e38\"><\/i> Confecci\u00f3n y presentaci\u00f3n de Planes de Mis Facilidades de Pago.<\/li>\n<li><i class=\"sui sui-check\" style=\"color:#0b5e38\"><\/i> Atenci\u00f3n de Inspecciones y respuesta de requerimientos ante AFIP<\/li>\n<li><i class=\"sui sui-check\" style=\"color:#0b5e38\"><\/i> Presentaci\u00f3n de los distintos Reg\u00edmenes de Informaci\u00f3n de AFIP: Balance para Fines Fiscales, Reg\u00edmenes de informaci\u00f3n sobre Participaciones Societarias, R\u00e9gimen de Informaci\u00f3n de Compras y Ventas<\/li>\n<li><i class=\"sui sui-check\" style=\"color:#0b5e38\"><\/i> Reg\u00edmenes de retenci\u00f3n y percepci\u00f3n (SICORE)<\/li>\n<li><i class=\"sui sui-check\" style=\"color:#0b5e38\"><\/i> Liquidaci\u00f3n Retenciones Impuesto a las Ganancias Personal en Relaci\u00f3n de Dependencia<\/li>\n<li><i class=\"sui sui-check\" style=\"color:#0b5e38\"><\/i> R\u00e9gimen Simplificado \u201cMonotributo\u201d: Adhesi\u00f3n, Re categorizaci\u00f3n cuatrimestral, Confecci\u00f3n y Presentaci\u00f3n de Declaraciones Juradas Informativas.<\/li>\n<\/ul>\n<\/div>\n<p>&nbsp;<\/p>\n<h2><strong><span style=\"color: #003366;\">LABORAL<\/span><\/strong><\/h2>\n<div class=\"su-list\" style=\"margin-left:0px\">\n<ul>\n<li><i class=\"sui sui-check\" style=\"color:#0b5e38\"><\/i> Asesoramiento Laboral (Leyes Laborales, convenios, contratos, despidos, conflictos, sanciones)<\/li>\n<li><i class=\"sui sui-check\" style=\"color:#0b5e38\"><\/i> Desvinculaciones laborales ante la Secretaria de Trabajo de la Provincia del Chubut.<\/li>\n<li><i class=\"sui sui-check\" style=\"color:#0b5e38\"><\/i> Atenci\u00f3n de Inspecciones y respuesta de requerimientos ante AFIP, Secretaria de Trabajo, Sindicatos, etc.<\/li>\n<li><i class=\"sui sui-check\" style=\"color:#0b5e38\"><\/i> Pagos de Aportes en Bancos y AFIP si correspondiere.<\/li>\n<li><i class=\"sui sui-check\" style=\"color:#0b5e38\"><\/i> Confecci\u00f3n y presentaci\u00f3n de Moratorias y Planes Mis Facilidades.<\/li>\n<li><i class=\"sui sui-check\" style=\"color:#0b5e38\"><\/i> Actualizaci\u00f3n de datos en la p\u00e1gina web de AFIP<\/li>\n<li><i class=\"sui sui-check\" style=\"color:#0b5e38\"><\/i> Confecci\u00f3n y liquidaci\u00f3n de recibos de sueldos. Liquidaci\u00f3n de aguinaldos, liquidaciones finales y vacaciones seg\u00fan corresponda.<\/li>\n<li><i class=\"sui sui-check\" style=\"color:#0b5e38\"><\/i> Selecci\u00f3n de personal para los clientes.<\/li>\n<li><i class=\"sui sui-check\" style=\"color:#0b5e38\"><\/i> An\u00e1lisis y resoluci\u00f3n de conflictos laborales.<\/li>\n<li><i class=\"sui sui-check\" style=\"color:#0b5e38\"><\/i> Confecci\u00f3n y presentaci\u00f3n de:<\/li>\n<\/ul>\n<p style=\"padding-left: 60px;\"><span style=\"color: #333333;\"><a style=\"color: #333333;\" href=\"http:\/\/estudiovernengo.com\/estudio\/wp-content\/uploads\/2016\/06\/puntoverdeCHICO.png\"><img decoding=\"async\" class=\"alignnone size-full wp-image-173\" src=\"http:\/\/estudiovernengo.com\/estudio\/wp-content\/uploads\/2016\/06\/puntoverdeCHICO.png\" alt=\"puntoverdeCHICO\" width=\"8\" height=\"7\"><\/a>&nbsp; Declaraci\u00f3n Jurada Mensual de Aportes y Contribuciones \u2013 AFIP-DGI Form. 931<\/span><br \/>\n<span style=\"color: #333333;\"> <a style=\"color: #333333;\" href=\"http:\/\/estudiovernengo.com\/estudio\/wp-content\/uploads\/2016\/06\/puntoverdeCHICO.png\"><img decoding=\"async\" class=\"alignnone size-full wp-image-173\" src=\"http:\/\/estudiovernengo.com\/estudio\/wp-content\/uploads\/2016\/06\/puntoverdeCHICO.png\" alt=\"puntoverdeCHICO\" width=\"8\" height=\"7\"><\/a>&nbsp;&nbsp;Boleta de informaci\u00f3n y pago de la Secretar\u00eda de Trabajo de la Provincia del Chubut.<\/span><br \/>\n<span style=\"color: #333333;\"> <a style=\"color: #333333;\" href=\"http:\/\/estudiovernengo.com\/estudio\/wp-content\/uploads\/2016\/06\/puntoverdeCHICO.png\"><img decoding=\"async\" class=\"alignnone size-full wp-image-173\" src=\"http:\/\/estudiovernengo.com\/estudio\/wp-content\/uploads\/2016\/06\/puntoverdeCHICO.png\" alt=\"puntoverdeCHICO\" width=\"8\" height=\"7\"><\/a>&nbsp;&nbsp;Seguro de Vida obligatorio<\/span><br \/>\n<span style=\"color: #333333;\"> <a style=\"color: #333333;\" href=\"http:\/\/estudiovernengo.com\/estudio\/wp-content\/uploads\/2016\/06\/puntoverdeCHICO.png\"><img decoding=\"async\" class=\"alignnone size-full wp-image-173\" src=\"http:\/\/estudiovernengo.com\/estudio\/wp-content\/uploads\/2016\/06\/puntoverdeCHICO.png\" alt=\"puntoverdeCHICO\" width=\"8\" height=\"7\"><\/a>&nbsp;&nbsp;Aportes sindicales seg\u00fan convenio.<\/span><br \/>\n<span style=\"color: #333333;\"> <a style=\"color: #333333;\" href=\"http:\/\/estudiovernengo.com\/estudio\/wp-content\/uploads\/2016\/06\/puntoverdeCHICO.png\"><img decoding=\"async\" class=\"alignnone size-full wp-image-173\" src=\"http:\/\/estudiovernengo.com\/estudio\/wp-content\/uploads\/2016\/06\/puntoverdeCHICO.png\" alt=\"puntoverdeCHICO\" width=\"8\" height=\"7\"><\/a>&nbsp;&nbsp;Confecci\u00f3n de Libros de Sueldos y Jornales \u2013 Art. 52\u00b0 Ley 20744<\/span><br \/>\n<span style=\"color: #333333;\"> <a style=\"color: #333333;\" href=\"http:\/\/estudiovernengo.com\/estudio\/wp-content\/uploads\/2016\/06\/puntoverdeCHICO.png\"><img decoding=\"async\" class=\"alignnone size-full wp-image-173\" src=\"http:\/\/estudiovernengo.com\/estudio\/wp-content\/uploads\/2016\/06\/puntoverdeCHICO.png\" alt=\"puntoverdeCHICO\" width=\"8\" height=\"7\"><\/a>&nbsp;&nbsp;Altas tempranas y Bajas del personal en AFIP \u2013 DGI<\/span><br \/>\n<span style=\"color: #333333;\"> <a style=\"color: #333333;\" href=\"http:\/\/estudiovernengo.com\/estudio\/wp-content\/uploads\/2016\/06\/puntoverdeCHICO.png\"><img decoding=\"async\" class=\"alignnone size-full wp-image-173\" src=\"http:\/\/estudiovernengo.com\/estudio\/wp-content\/uploads\/2016\/06\/puntoverdeCHICO.png\" alt=\"puntoverdeCHICO\" width=\"8\" height=\"7\"><\/a>&nbsp;&nbsp;Altas y Bajas del personal ante ANSES, Obras Sociales, seg\u00fan convenio.<\/span><br \/>\n<span style=\"color: #333333;\"> <a style=\"color: #333333;\" href=\"http:\/\/estudiovernengo.com\/estudio\/wp-content\/uploads\/2016\/06\/puntoverdeCHICO.png\"><img decoding=\"async\" class=\"alignnone size-full wp-image-173\" src=\"http:\/\/estudiovernengo.com\/estudio\/wp-content\/uploads\/2016\/06\/puntoverdeCHICO.png\" alt=\"puntoverdeCHICO\" width=\"8\" height=\"7\"><\/a>&nbsp;&nbsp;Altas del Personal ante el IERIC<\/span><br \/>\n<span style=\"color: #333333;\"> <a style=\"color: #333333;\" href=\"http:\/\/estudiovernengo.com\/estudio\/wp-content\/uploads\/2016\/06\/puntoverdeCHICO.png\"><img decoding=\"async\" class=\"alignnone size-full wp-image-173\" src=\"http:\/\/estudiovernengo.com\/estudio\/wp-content\/uploads\/2016\/06\/puntoverdeCHICO.png\" alt=\"puntoverdeCHICO\" width=\"8\" height=\"7\"><\/a>&nbsp;&nbsp;Confecci\u00f3n de Libretas de Fondo de Cese Laboral.<\/span><\/p>\n<\/div>\n<h2><strong><span style=\"color: #003366;\">CONTABILIDAD Y AUDITOR\u00cdA<\/span><\/strong><\/h2>\n<div class=\"su-list\" style=\"margin-left:0px\">\n<ul>\n<li><i class=\"sui sui-check\" style=\"color:#0b5e38\"><\/i> Asesoramiento Integral.<\/li>\n<li><i class=\"sui sui-check\" style=\"color:#0b5e38\"><\/i> Registraciones contables.<\/li>\n<li><i class=\"sui sui-check\" style=\"color:#0b5e38\"><\/i> Confecci\u00f3n y Presentaci\u00f3n de Estados Contables tanto peri\u00f3dicos como anuales.<\/li>\n<li><i class=\"sui sui-check\" style=\"color:#0b5e38\"><\/i> Emisi\u00f3n de Libros Diario e Inventario y Balances.<\/li>\n<li><i class=\"sui sui-check\" style=\"color:#0b5e38\"><\/i> Realizaci\u00f3n de tareas de Auditoria regulares tanto en el Estudio como en las Empresas.<\/li>\n<li><i class=\"sui sui-check\" style=\"color:#0b5e38\"><\/i> Certificaciones contables e informes especiales y de cumplimiento requeridos por organismos de control y otras entidades (Inspecci\u00f3n General de Justicia, Bancos, Registro del Automotor, etc.)<\/li>\n<li><i class=\"sui sui-check\" style=\"color:#0b5e38\"><\/i> Confecci\u00f3n y Presentaci\u00f3n de carpetas bancarias<\/li>\n<\/ul>\n<\/div>\n<h2><strong><span style=\"color: #003366;\">SOCIETARIO<\/span><\/strong><\/h2>\n<div class=\"su-list\" style=\"margin-left:0px\">\n<ul>\n<li><i class=\"sui sui-check\" style=\"color:#0b5e38\"><\/i> Asesoramiento de todo tipo de Sociedades.<\/li>\n<li><i class=\"sui sui-check\" style=\"color:#0b5e38\"><\/i> Constituci\u00f3n de Sociedades.<\/li>\n<li><i class=\"sui sui-check\" style=\"color:#0b5e38\"><\/i> Realizaci\u00f3n de presentaciones en Inspecci\u00f3n General de Justicia.<\/li>\n<li><i class=\"sui sui-check\" style=\"color:#0b5e38\"><\/i> Asesoramiento en la confecci\u00f3n y transcripci\u00f3n de Actas.<\/li>\n<li><i class=\"sui sui-check\" style=\"color:#0b5e38\"><\/i> Modificaciones Societarias.<\/li>\n<\/ul>\n<\/div>\n<h2><strong><span style=\"color: #003366;\">OTRAS TAREAS<\/span><\/strong><\/h2>\n<div class=\"su-list\" style=\"margin-left:0px\">\n<ul>\n<li><i class=\"sui sui-check\" style=\"color:#0b5e38\"><\/i> Preparaci\u00f3n de documentaci\u00f3n contable para la presentaci\u00f3n de Concurso de Acreedores.<\/li>\n<li><i class=\"sui sui-check\" style=\"color:#0b5e38\"><\/i> Transferencia de Fondos de Comercio.<\/li>\n<li><i class=\"sui sui-check\" style=\"color:#0b5e38\"><\/i> Asesoramiento en la organizaci\u00f3n administrativo &#8211; contable.<\/li>\n<\/ul>\n<\/div>\n<p>&nbsp;<\/p>\n","protected":false},"excerpt":{"rendered":"<p>El estudio se encuentra organizado en equipos de trabajo divididos en cuatro \u00e1reas: Impositiva, Societaria, Laboral y Contable, que trabajan interrelacionadas. Las principales tareas en cada una de ellas son: IMPOSITIVA &nbsp; LABORAL CONTABILIDAD Y AUDITOR\u00cdA SOCIETARIO OTRAS TAREAS &nbsp;<\/p>\n","protected":false},"author":2,"featured_media":0,"parent":0,"menu_order":0,"comment_status":"closed","ping_status":"closed","template":"","meta":{"generate_page_header":"","footnotes":""},"class_list":["post-32","page","type-page","status-publish"],"_links":{"self":[{"href":"http:\/\/estudiovernengo.com\/estudio\/wp-json\/wp\/v2\/pages\/32","targetHints":{"allow":["GET"]}}],"collection":[{"href":"http:\/\/estudiovernengo.com\/estudio\/wp-json\/wp\/v2\/pages"}],"about":[{"href":"http:\/\/estudiovernengo.com\/estudio\/wp-json\/wp\/v2\/types\/page"}],"author":[{"embeddable":true,"href":"http:\/\/estudiovernengo.com\/estudio\/wp-json\/wp\/v2\/users\/2"}],"replies":[{"embeddable":true,"href":"http:\/\/estudiovernengo.com\/estudio\/wp-json\/wp\/v2\/comments?post=32"}],"version-history":[{"count":33,"href":"http:\/\/estudiovernengo.com\/estudio\/wp-json\/wp\/v2\/pages\/32\/revisions"}],"predecessor-version":[{"id":198,"href":"http:\/\/estudiovernengo.com\/estudio\/wp-json\/wp\/v2\/pages\/32\/revisions\/198"}],"wp:attachment":[{"href":"http:\/\/estudiovernengo.com\/estudio\/wp-json\/wp\/v2\/media?parent=32"}],"curies":[{"name":"wp","href":"https:\/\/api.w.org\/{rel}","templated":true}]}}